{"id":144,"date":"2022-02-04T10:06:20","date_gmt":"2022-02-04T09:06:20","guid":{"rendered":"http:\/\/entreprise-moresk.fr\/?page_id=144"},"modified":"2022-03-31T17:57:37","modified_gmt":"2022-03-31T15:57:37","slug":"contact","status":"publish","type":"page","link":"https:\/\/entreprise-moresk.fr\/index.php\/contact\/","title":{"rendered":"Contact"},"content":{"rendered":"\n<h2 class=\"wp-block-heading\"><strong>Nous serions ravis de vous aider \u00e0 affiner et r\u00e9aliser vos projets. <\/strong><\/h2>\n\n\n\n<h2 class=\"wp-block-heading\"><strong>Pour ce faire n&rsquo;h\u00e9sitez pas \u00e0 nous contacter : <\/strong><br>23, route de Chamvres \u2013 89300 JOIGNY<br>T\u00e9l\u00e9phone : 03.86.62.11.67<br>Mail : <a href=\"mailto:entreprise.moresk@wanadoo.fr\">entreprise.moresk@orange.fr<\/a><br><\/h2>\n","protected":false},"excerpt":{"rendered":"<p>Nous serions ravis de vous aider \u00e0 affiner et r\u00e9aliser vos projets. Pour ce faire n&rsquo;h\u00e9sitez pas \u00e0 nous contacter : 23, route de Chamvres \u2013 89300 JOIGNYT\u00e9l\u00e9phone : 03.86.62.11.67Mail : entreprise.moresk@orange.fr<\/p>\n","protected":false},"author":1,"featured_media":0,"parent":0,"menu_order":0,"comment_status":"closed","ping_status":"closed","template":"","meta":{"footnotes":""},"_links":{"self":[{"href":"https:\/\/entreprise-moresk.fr\/index.php\/wp-json\/wp\/v2\/pages\/144"}],"collection":[{"href":"https:\/\/entreprise-moresk.fr\/index.php\/wp-json\/wp\/v2\/pages"}],"about":[{"href":"https:\/\/entreprise-moresk.fr\/index.php\/wp-json\/wp\/v2\/types\/page"}],"author":[{"embeddable":true,"href":"https:\/\/entreprise-moresk.fr\/index.php\/wp-json\/wp\/v2\/users\/1"}],"replies":[{"embeddable":true,"href":"https:\/\/entreprise-moresk.fr\/index.php\/wp-json\/wp\/v2\/comments?post=144"}],"version-history":[{"count":8,"href":"https:\/\/entreprise-moresk.fr\/index.php\/wp-json\/wp\/v2\/pages\/144\/revisions"}],"predecessor-version":[{"id":381,"href":"https:\/\/entreprise-moresk.fr\/index.php\/wp-json\/wp\/v2\/pages\/144\/revisions\/381"}],"wp:attachment":[{"href":"https:\/\/entreprise-moresk.fr\/index.php\/wp-json\/wp\/v2\/media?parent=144"}],"curies":[{"name":"wp","href":"https:\/\/api.w.org\/{rel}","templated":true}]}}