{"id":225,"date":"2022-03-31T11:39:25","date_gmt":"2022-03-31T09:39:25","guid":{"rendered":"http:\/\/entreprise-moresk.fr\/?page_id=225"},"modified":"2022-03-31T12:11:14","modified_gmt":"2022-03-31T10:11:14","slug":"lentreprise-moresk-2","status":"publish","type":"page","link":"https:\/\/entreprise-moresk.fr\/","title":{"rendered":"L\u2019entreprise MORESK"},"content":{"rendered":"<p><\/p>\n\n\n<\/p>\n<p>Fond\u00e9e en 1975, l\u2019entreprise MORESK est bas\u00e9e dans le Jovinien.\u00a0Celle-ci fonctionne avec un personnel de proximit\u00e9, ce qui nous permet d\u2019intervenir rapidement sur nos chantiers.<\/p>\n<p>\n\n\n<p><\/p>\n\n\n<\/p>\n<p>Au fil des ann\u00e9es, nous avons su s\u2019entourer de compagnons qualifi\u00e9s et ainsi diversifier notre savoir-faire. Voici quelques exemples de chantiers sur lesquels nous avons eu la chance d\u2019intervenir\u00a0:<\/p>\n<p>\n\n\n<p><\/p>\n\n\n<\/p>\n<p>\n\n\n<p><\/p>\n\n\n<\/p>\n<p>\u00a0\u00a0\u00a0\u00a0\u00a0\u00a0\u00a0\u00a0\u00a0\u00a0\u00a0\u00a0\u00a0\u00a0\u00a0\u00a0\u00a0\u00a0\u00a0\u00a0\u00a0\u00a0\u00a0\u00a0\u00a0\u00a0\u00a0\u00a0\u00a0\u00a0\u00a0\u00a0\u00a0\u00a0\u00a0\u00a0\u00a0\u00a0\u00a0\u00a0\u00a0\u00a0\u00a0\u00a0\u00a0\u00a0\u00a0\u00a0\u00a0\u00a0\u00a0\u00a0\u00a0\u00a0\u00a0\u00a0\u00a0\u00a0 \u25cf Ch\u00e2teau de Fontainebleau (77)<br \/>\u00a0\u00a0\u00a0\u00a0\u00a0\u00a0\u00a0\u00a0\u00a0\u00a0\u00a0\u00a0\u00a0\u00a0\u00a0\u00a0\u00a0\u00a0\u00a0\u00a0\u00a0\u00a0\u00a0\u00a0\u00a0\u00a0\u00a0\u00a0\u00a0\u00a0\u00a0\u00a0\u00a0\u00a0\u00a0\u00a0\u00a0\u00a0\u00a0\u00a0\u00a0\u00a0\u00a0\u00a0\u00a0\u00a0\u00a0\u00a0\u00a0\u00a0\u00a0\u00a0\u00a0\u00a0\u00a0\u00a0\u00a0\u00a0 \u25cf Basilique de V\u00e9zelay (89)<br \/>\u00a0\u00a0\u00a0\u00a0\u00a0\u00a0\u00a0\u00a0\u00a0\u00a0\u00a0\u00a0\u00a0\u00a0\u00a0\u00a0\u00a0\u00a0\u00a0\u00a0\u00a0\u00a0\u00a0\u00a0\u00a0\u00a0\u00a0\u00a0\u00a0\u00a0\u00a0\u00a0\u00a0\u00a0\u00a0\u00a0\u00a0\u00a0\u00a0\u00a0\u00a0\u00a0\u00a0\u00a0\u00a0\u00a0\u00a0\u00a0\u00a0\u00a0\u00a0\u00a0\u00a0\u00a0\u00a0\u00a0\u00a0\u00a0 \u25cf Ancienne Commanderie Templi\u00e8re d\u2019Avalleur (10)<br \/>\u00a0\u00a0\u00a0\u00a0\u00a0\u00a0\u00a0\u00a0\u00a0\u00a0\u00a0\u00a0\u00a0\u00a0\u00a0\u00a0\u00a0\u00a0\u00a0\u00a0\u00a0\u00a0\u00a0\u00a0\u00a0\u00a0\u00a0\u00a0\u00a0\u00a0\u00a0\u00a0\u00a0\u00a0\u00a0\u00a0\u00a0\u00a0\u00a0\u00a0\u00a0\u00a0\u00a0\u00a0\u00a0\u00a0\u00a0\u00a0\u00a0\u00a0\u00a0\u00a0\u00a0\u00a0\u00a0\u00a0\u00a0\u00a0 \u25cf Eglise de Cravant (89)<br \/>\u00a0\u00a0\u00a0\u00a0\u00a0\u00a0\u00a0\u00a0\u00a0\u00a0\u00a0\u00a0\u00a0\u00a0\u00a0\u00a0\u00a0\u00a0\u00a0\u00a0\u00a0\u00a0\u00a0\u00a0\u00a0\u00a0\u00a0\u00a0\u00a0\u00a0\u00a0\u00a0\u00a0\u00a0\u00a0\u00a0\u00a0\u00a0\u00a0\u00a0\u00a0\u00a0\u00a0\u00a0\u00a0\u00a0\u00a0\u00a0\u00a0\u00a0\u00a0\u00a0\u00a0\u00a0\u00a0\u00a0\u00a0\u00a0 \u25cf Tour des Ursulines et Remparts de la Maison Jules Roy (89)<br \/>\u00a0\u00a0\u00a0\u00a0\u00a0\u00a0\u00a0\u00a0\u00a0\u00a0\u00a0\u00a0\u00a0\u00a0\u00a0\u00a0\u00a0\u00a0\u00a0\u00a0\u00a0\u00a0\u00a0\u00a0\u00a0\u00a0\u00a0\u00a0\u00a0\u00a0\u00a0\u00a0\u00a0\u00a0\u00a0\u00a0\u00a0\u00a0\u00a0\u00a0\u00a0\u00a0\u00a0\u00a0\u00a0\u00a0\u00a0\u00a0\u00a0\u00a0\u00a0\u00a0\u00a0\u00a0\u00a0\u00a0\u00a0\u00a0 \u25cf Cath\u00e9drale d\u2019Auxerre (89)<br \/>\u00a0\u00a0\u00a0\u00a0\u00a0\u00a0\u00a0\u00a0\u00a0\u00a0\u00a0\u00a0\u00a0\u00a0\u00a0\u00a0\u00a0\u00a0\u00a0\u00a0\u00a0\u00a0\u00a0\u00a0\u00a0\u00a0\u00a0\u00a0\u00a0\u00a0\u00a0\u00a0\u00a0\u00a0\u00a0\u00a0\u00a0\u00a0\u00a0\u00a0\u00a0\u00a0\u00a0\u00a0\u00a0\u00a0\u00a0\u00a0\u00a0\u00a0\u00a0\u00a0\u00a0\u00a0\u00a0\u00a0\u00a0\u00a0 \u25cf Abbaye St Germain (89)<br \/>\u00a0\u00a0\u00a0\u00a0\u00a0\u00a0\u00a0\u00a0\u00a0\u00a0\u00a0\u00a0\u00a0\u00a0\u00a0\u00a0\u00a0\u00a0\u00a0\u00a0\u00a0\u00a0\u00a0\u00a0\u00a0\u00a0\u00a0\u00a0\u00a0\u00a0\u00a0\u00a0\u00a0\u00a0\u00a0\u00a0\u00a0\u00a0\u00a0\u00a0\u00a0\u00a0\u00a0\u00a0\u00a0\u00a0\u00a0\u00a0\u00a0\u00a0\u00a0\u00a0\u00a0\u00a0\u00a0\u00a0\u00a0\u00a0 \u25cf Eglise d\u2019Etourvy (10)<br \/>\u00a0\u00a0\u00a0\u00a0\u00a0\u00a0\u00a0\u00a0\u00a0\u00a0\u00a0\u00a0\u00a0\u00a0\u00a0\u00a0\u00a0\u00a0\u00a0\u00a0\u00a0\u00a0\u00a0\u00a0\u00a0\u00a0\u00a0\u00a0\u00a0\u00a0\u00a0\u00a0\u00a0\u00a0\u00a0\u00a0\u00a0\u00a0\u00a0\u00a0\u00a0\u00a0\u00a0\u00a0\u00a0\u00a0\u00a0\u00a0\u00a0\u00a0\u00a0\u00a0\u00a0\u00a0\u00a0\u00a0\u00a0\u00a0 \u25cf Abbaye de Reigny (89)<\/p>\n<p>\n\n\n<p><\/p>\n\n\n<\/p>\n<p>Nous avons plusieurs activit\u00e9s \u00e0 notre actif tel que\u00a0:<\/p>\n<p>\n\n\n<p><\/p>\n\n\n<\/p>\n<p>\u00a0\u00a0\u00a0\u00a0\u00a0\u00a0\u00a0\u00a0\u00a0\u00a0\u00a0 \u25cf Activit\u00e9s principales :\u00a0\u00a0\u00a0\u00a0 Gros-\u0153uvre, ma\u00e7onnerie, pierre de taille &amp; restauration de Monuments Historiques.<\/p>\n<p>\n\n\n<p><\/p>\n\n\n<\/p>\n<p>\u00a0\u00a0\u00a0\u00a0\u00a0\u00a0\u00a0\u00a0\u00a0\u00a0\u00a0 \u25cf Activit\u00e9s secondaires : \u00a0\u00a0 Carrelage, pl\u00e2trerie, isolation &amp; doublage.<\/p>\n<p>\n\n\n<p><\/p>\n\n\n<\/p>\n<p>A sa cr\u00e9ation, l\u2019entreprise comptait une dizaine de salari\u00e9s, d\u00e9sormais elle en d\u00e9nombre une vingtaine avec un personnel exp\u00e9riment\u00e9 et de qualit\u00e9. Cet accroissement du personnel s\u2019explique par une hausse d\u2019activit\u00e9, en particulier depuis que Monsieur MARCUCCI a rachet\u00e9 la soci\u00e9t\u00e9 en 2004.<\/p>\n<p>\n\n\n<p><\/p>\n\n\n<\/p>\n<p>Celui-ci a su faire \u00e9voluer l\u2019entreprise en d\u00e9veloppant tout particuli\u00e8rement le secteur de restauration de Monuments Historiques et le secteur de la taille de pierres. <strong><em>Un march\u00e9 particuli\u00e8rement porteur, puisqu\u2019il demande une grande technicit\u00e9, que toutes les entreprises de ma\u00e7onnerie ne ma\u00eetrisent pas forc\u00e9ment.<\/em><\/strong> De plus, en proposant une qualit\u00e9 de service et de produits, la SARL MORESK est devenue, sur le secteur Jovinien, l\u2019entreprise de ma\u00e7onnerie de r\u00e9f\u00e9rence.<\/p>\n<p>\n\n\n<p><\/p>\n\n\n<\/p>\n<p>L\u2019entreprise poss\u00e8de les qualifications suivantes :<\/p>\n<p>\n\n\n<p><\/p>\n\n\n<\/p>\n<p><strong>\u00a0\u00a0\u00a0\u00a0\u00a0\u00a0\u00a0\u00a0\u00a0\u00a0\u00a0 \u25cf 2111<\/strong>\u00a0: Ma\u00e7onnerie (technicit\u00e9 courante) et b\u00e9ton arm\u00e9 courant<\/p>\n<p>\n\n\n<p><\/p>\n\n\n<\/p>\n<p><strong>\u00a0\u00a0\u00a0\u00a0\u00a0\u00a0\u00a0\u00a0\u00a0\u00a0\u00a0 \u25cf 2183\u00a0: <\/strong>Restauration pierre de taille et ma\u00e7onnerie du patrimoine ancien<\/p>\n<p>\n\n\n<p><\/p>\n\n\n<\/p>\n<p><strong><em>L\u2019entreprise s\u2019engage donc \u00e0 ex\u00e9cuter les travaux en conformit\u00e9 avec les fascicules techniques (Cahier des clauses techniques particuli\u00e8res), Ouvrages de ma\u00e7onnerie (Juin 2006), Ouvrage de Pierre de taille (F\u00e9vrier 2003).<\/em><\/strong><\/p>\n<p>\n\n\n<p><\/p>\n\n\n<\/p>\n<p>Notre soci\u00e9t\u00e9 s\u2019est \u00e9galement engag\u00e9e dans le cadre de formations pour la transmission de notre savoir-faire avec les CFA du b\u00e2timent, l\u2019AFPA de l\u2019Yonne, l\u2019EREA de Joigny et les COMPAGONS DU DEVOIR. Une convention par laquelle nous nous engageons r\u00e9guli\u00e8rement \u00e0 former et accueillir des stagiaires et apprentis.<\/p>\n<p>\n\n\n<p><\/p>","protected":false},"excerpt":{"rendered":"<p>Fond\u00e9e en 1975, l\u2019entreprise MORESK est bas\u00e9e dans le Jovinien.\u00a0Celle-ci fonctionne avec un personnel de proximit\u00e9, ce qui nous permet d\u2019intervenir rapidement sur nos chantiers. Au fil des ann\u00e9es, nous avons su s\u2019entourer de compagnons qualifi\u00e9s et ainsi diversifier notre savoir-faire. Voici quelques exemples de chantiers sur lesquels nous avons eu la chance d\u2019intervenir\u00a0: \u00a0\u00a0\u00a0\u00a0\u00a0\u00a0\u00a0\u00a0\u00a0\u00a0\u00a0\u00a0\u00a0\u00a0\u00a0\u00a0\u00a0\u00a0\u00a0\u00a0\u00a0\u00a0\u00a0\u00a0\u00a0\u00a0\u00a0\u00a0\u00a0\u00a0\u00a0\u00a0\u00a0\u00a0\u00a0\u00a0\u00a0\u00a0\u00a0\u00a0\u00a0\u00a0\u00a0\u00a0\u00a0\u00a0\u00a0\u00a0\u00a0\u00a0\u00a0\u00a0\u00a0\u00a0\u00a0\u00a0\u00a0\u00a0 \u25cf Ch\u00e2teau de Fontainebleau (77)\u00a0\u00a0\u00a0\u00a0\u00a0\u00a0\u00a0\u00a0\u00a0\u00a0\u00a0\u00a0\u00a0\u00a0\u00a0\u00a0\u00a0\u00a0\u00a0\u00a0\u00a0\u00a0\u00a0\u00a0\u00a0\u00a0\u00a0\u00a0\u00a0\u00a0\u00a0\u00a0\u00a0\u00a0\u00a0\u00a0\u00a0\u00a0\u00a0\u00a0\u00a0\u00a0\u00a0\u00a0\u00a0\u00a0\u00a0\u00a0\u00a0\u00a0\u00a0\u00a0\u00a0\u00a0\u00a0\u00a0\u00a0\u00a0 \u25cf Basilique de V\u00e9zelay (89)\u00a0\u00a0\u00a0\u00a0\u00a0\u00a0\u00a0\u00a0\u00a0\u00a0\u00a0\u00a0\u00a0\u00a0\u00a0\u00a0\u00a0\u00a0\u00a0\u00a0\u00a0\u00a0\u00a0\u00a0\u00a0\u00a0\u00a0\u00a0\u00a0\u00a0\u00a0\u00a0\u00a0\u00a0\u00a0\u00a0\u00a0\u00a0\u00a0\u00a0\u00a0\u00a0\u00a0\u00a0\u00a0\u00a0\u00a0\u00a0\u00a0\u00a0\u00a0\u00a0\u00a0\u00a0\u00a0\u00a0\u00a0\u00a0 \u25cf Ancienne Commanderie Templi\u00e8re d\u2019Avalleur (10)\u00a0\u00a0\u00a0\u00a0\u00a0\u00a0\u00a0\u00a0\u00a0\u00a0\u00a0\u00a0\u00a0\u00a0\u00a0\u00a0\u00a0\u00a0\u00a0\u00a0\u00a0\u00a0\u00a0\u00a0\u00a0\u00a0\u00a0\u00a0\u00a0\u00a0\u00a0\u00a0\u00a0\u00a0\u00a0\u00a0\u00a0\u00a0\u00a0\u00a0\u00a0\u00a0\u00a0\u00a0\u00a0\u00a0\u00a0\u00a0\u00a0\u00a0\u00a0\u00a0\u00a0\u00a0\u00a0\u00a0\u00a0\u00a0 \u25cf Eglise de Cravant (89)\u00a0\u00a0\u00a0\u00a0\u00a0\u00a0\u00a0\u00a0\u00a0\u00a0\u00a0\u00a0\u00a0\u00a0\u00a0\u00a0\u00a0\u00a0\u00a0\u00a0\u00a0\u00a0\u00a0\u00a0\u00a0\u00a0\u00a0\u00a0\u00a0\u00a0\u00a0\u00a0\u00a0\u00a0\u00a0\u00a0\u00a0\u00a0\u00a0\u00a0\u00a0\u00a0\u00a0\u00a0\u00a0\u00a0\u00a0\u00a0\u00a0\u00a0\u00a0\u00a0\u00a0\u00a0\u00a0\u00a0\u00a0\u00a0 \u25cf Tour des Ursulines et Remparts de la Maison Jules Roy (89)\u00a0\u00a0\u00a0\u00a0\u00a0\u00a0\u00a0\u00a0\u00a0\u00a0\u00a0\u00a0\u00a0\u00a0\u00a0\u00a0\u00a0\u00a0\u00a0\u00a0\u00a0\u00a0\u00a0\u00a0\u00a0\u00a0\u00a0\u00a0\u00a0\u00a0\u00a0\u00a0\u00a0\u00a0\u00a0\u00a0\u00a0\u00a0\u00a0\u00a0\u00a0\u00a0\u00a0\u00a0\u00a0\u00a0\u00a0\u00a0\u00a0\u00a0\u00a0\u00a0\u00a0\u00a0\u00a0\u00a0\u00a0\u00a0 \u25cf Cath\u00e9drale d\u2019Auxerre (89)\u00a0\u00a0\u00a0\u00a0\u00a0\u00a0\u00a0\u00a0\u00a0\u00a0\u00a0\u00a0\u00a0\u00a0\u00a0\u00a0\u00a0\u00a0\u00a0\u00a0\u00a0\u00a0\u00a0\u00a0\u00a0\u00a0\u00a0\u00a0\u00a0\u00a0\u00a0\u00a0\u00a0\u00a0\u00a0\u00a0\u00a0\u00a0\u00a0\u00a0\u00a0\u00a0\u00a0\u00a0\u00a0\u00a0\u00a0\u00a0\u00a0\u00a0\u00a0\u00a0\u00a0\u00a0\u00a0\u00a0\u00a0\u00a0 \u25cf Abbaye St Germain (89)\u00a0\u00a0\u00a0\u00a0\u00a0\u00a0\u00a0\u00a0\u00a0\u00a0\u00a0\u00a0\u00a0\u00a0\u00a0\u00a0\u00a0\u00a0\u00a0\u00a0\u00a0\u00a0\u00a0\u00a0\u00a0\u00a0\u00a0\u00a0\u00a0\u00a0\u00a0\u00a0\u00a0\u00a0\u00a0\u00a0\u00a0\u00a0\u00a0\u00a0\u00a0\u00a0\u00a0\u00a0\u00a0\u00a0\u00a0\u00a0\u00a0\u00a0\u00a0\u00a0\u00a0\u00a0\u00a0\u00a0\u00a0\u00a0 \u25cf Eglise d\u2019Etourvy (10)\u00a0\u00a0\u00a0\u00a0\u00a0\u00a0\u00a0\u00a0\u00a0\u00a0\u00a0\u00a0\u00a0\u00a0\u00a0\u00a0\u00a0\u00a0\u00a0\u00a0\u00a0\u00a0\u00a0\u00a0\u00a0\u00a0\u00a0\u00a0\u00a0\u00a0\u00a0\u00a0\u00a0\u00a0\u00a0\u00a0\u00a0\u00a0\u00a0\u00a0\u00a0\u00a0\u00a0\u00a0\u00a0\u00a0\u00a0\u00a0\u00a0\u00a0\u00a0\u00a0\u00a0\u00a0\u00a0\u00a0\u00a0\u00a0 \u25cf Abbaye de Reigny (89) Nous avons plusieurs activit\u00e9s \u00e0 notre actif tel que\u00a0: \u00a0\u00a0\u00a0\u00a0\u00a0\u00a0\u00a0\u00a0\u00a0\u00a0\u00a0 \u25cf Activit\u00e9s principales :\u00a0\u00a0\u00a0\u00a0 Gros-\u0153uvre, ma\u00e7onnerie, pierre de taille &amp; restauration de Monuments Historiques. \u00a0\u00a0\u00a0\u00a0\u00a0\u00a0\u00a0\u00a0\u00a0\u00a0\u00a0 \u25cf Activit\u00e9s secondaires : \u00a0\u00a0 Carrelage, pl\u00e2trerie, isolation &amp; doublage. A sa cr\u00e9ation, l\u2019entreprise comptait une dizaine de salari\u00e9s, d\u00e9sormais elle en d\u00e9nombre une vingtaine avec un personnel exp\u00e9riment\u00e9 et de qualit\u00e9. Cet accroissement du personnel s\u2019explique par une hausse d\u2019activit\u00e9, en particulier depuis que Monsieur MARCUCCI a rachet\u00e9 la soci\u00e9t\u00e9 en 2004. Celui-ci a su faire \u00e9voluer l\u2019entreprise en d\u00e9veloppant tout particuli\u00e8rement le secteur de restauration de Monuments Historiques et le secteur de la taille de pierres. Un march\u00e9 particuli\u00e8rement porteur, puisqu\u2019il demande une grande technicit\u00e9, que toutes les entreprises de ma\u00e7onnerie ne ma\u00eetrisent pas forc\u00e9ment. De plus, en proposant une qualit\u00e9 de service et de produits, la SARL MORESK est devenue, sur le secteur Jovinien, l\u2019entreprise de ma\u00e7onnerie de r\u00e9f\u00e9rence. L\u2019entreprise poss\u00e8de les qualifications suivantes : \u00a0\u00a0\u00a0\u00a0\u00a0\u00a0\u00a0\u00a0\u00a0\u00a0\u00a0 \u25cf 2111\u00a0: Ma\u00e7onnerie (technicit\u00e9 courante) et b\u00e9ton arm\u00e9 courant \u00a0\u00a0\u00a0\u00a0\u00a0\u00a0\u00a0\u00a0\u00a0\u00a0\u00a0 \u25cf 2183\u00a0: Restauration pierre de taille et ma\u00e7onnerie du patrimoine ancien L\u2019entreprise s\u2019engage donc \u00e0 ex\u00e9cuter les travaux en conformit\u00e9 avec les fascicules techniques (Cahier des clauses techniques particuli\u00e8res), Ouvrages de ma\u00e7onnerie (Juin 2006), Ouvrage de Pierre de taille (F\u00e9vrier 2003). Notre soci\u00e9t\u00e9 s\u2019est \u00e9galement engag\u00e9e dans le cadre de formations pour la transmission de notre savoir-faire avec les CFA du b\u00e2timent, l\u2019AFPA de l\u2019Yonne, l\u2019EREA de Joigny et les COMPAGONS DU DEVOIR. Une convention par laquelle nous nous engageons r\u00e9guli\u00e8rement \u00e0 former et accueillir des stagiaires et apprentis.<\/p>\n","protected":false},"author":1,"featured_media":0,"parent":0,"menu_order":0,"comment_status":"closed","ping_status":"closed","template":"","meta":{"footnotes":""},"_links":{"self":[{"href":"https:\/\/entreprise-moresk.fr\/index.php\/wp-json\/wp\/v2\/pages\/225"}],"collection":[{"href":"https:\/\/entreprise-moresk.fr\/index.php\/wp-json\/wp\/v2\/pages"}],"about":[{"href":"https:\/\/entreprise-moresk.fr\/index.php\/wp-json\/wp\/v2\/types\/page"}],"author":[{"embeddable":true,"href":"https:\/\/entreprise-moresk.fr\/index.php\/wp-json\/wp\/v2\/users\/1"}],"replies":[{"embeddable":true,"href":"https:\/\/entreprise-moresk.fr\/index.php\/wp-json\/wp\/v2\/comments?post=225"}],"version-history":[{"count":16,"href":"https:\/\/entreprise-moresk.fr\/index.php\/wp-json\/wp\/v2\/pages\/225\/revisions"}],"predecessor-version":[{"id":253,"href":"https:\/\/entreprise-moresk.fr\/index.php\/wp-json\/wp\/v2\/pages\/225\/revisions\/253"}],"wp:attachment":[{"href":"https:\/\/entreprise-moresk.fr\/index.php\/wp-json\/wp\/v2\/media?parent=225"}],"curies":[{"name":"wp","href":"https:\/\/api.w.org\/{rel}","templated":true}]}}