{"id":79,"date":"2022-02-02T16:41:00","date_gmt":"2022-02-02T15:41:00","guid":{"rendered":"http:\/\/entreprise-moresk.fr\/?page_id=79"},"modified":"2022-03-31T17:27:47","modified_gmt":"2022-03-31T15:27:47","slug":"maconnerie","status":"publish","type":"page","link":"https:\/\/entreprise-moresk.fr\/index.php\/maconnerie\/","title":{"rendered":"Ma\u00e7onnerie"},"content":{"rendered":"\n<p>M\u00eame si nous pr\u00e9f\u00e9rons la restauration, nous sommes \u00e9galement \u00e0 m\u00eame de r\u00e9aliser des travaux neufs. Nos salari\u00e9s sont \u00e9galement form\u00e9s aux travaux de gros-oeuvre, d&rsquo;isolation et doublage, de cloison et faux-plafond, de pl\u00e2trerie, la pose de menuiserie, terrassement, assainissement &#8230;<\/p>\n\n\n\n<figure class=\"wp-block-gallery has-nested-images columns-default is-cropped wp-block-gallery-1 is-layout-flex wp-block-gallery-is-layout-flex\">\n<figure class=\"wp-block-image size-large\"><img loading=\"lazy\" decoding=\"async\" width=\"960\" height=\"720\" data-id=\"328\" src=\"http:\/\/entreprise-moresk.fr\/wp-content\/uploads\/2022\/03\/297873_268898956480373_503103176_n.jpg\" alt=\"\" class=\"wp-image-328\" srcset=\"https:\/\/entreprise-moresk.fr\/wp-content\/uploads\/2022\/03\/297873_268898956480373_503103176_n.jpg 960w, https:\/\/entreprise-moresk.fr\/wp-content\/uploads\/2022\/03\/297873_268898956480373_503103176_n-300x225.jpg 300w, https:\/\/entreprise-moresk.fr\/wp-content\/uploads\/2022\/03\/297873_268898956480373_503103176_n-768x576.jpg 768w\" sizes=\"(max-width: 960px) 100vw, 960px\" \/><\/figure>\n\n\n\n<figure class=\"wp-block-image size-large\"><img loading=\"lazy\" decoding=\"async\" width=\"960\" height=\"720\" data-id=\"330\" src=\"http:\/\/entreprise-moresk.fr\/wp-content\/uploads\/2022\/03\/407602_295156157187986_1603330236_n.jpg\" alt=\"\" class=\"wp-image-330\" srcset=\"https:\/\/entreprise-moresk.fr\/wp-content\/uploads\/2022\/03\/407602_295156157187986_1603330236_n.jpg 960w, https:\/\/entreprise-moresk.fr\/wp-content\/uploads\/2022\/03\/407602_295156157187986_1603330236_n-300x225.jpg 300w, https:\/\/entreprise-moresk.fr\/wp-content\/uploads\/2022\/03\/407602_295156157187986_1603330236_n-768x576.jpg 768w\" sizes=\"(max-width: 960px) 100vw, 960px\" \/><\/figure>\n\n\n\n<figure class=\"wp-block-image size-large\"><img loading=\"lazy\" decoding=\"async\" width=\"1024\" height=\"768\" data-id=\"340\" src=\"http:\/\/entreprise-moresk.fr\/wp-content\/uploads\/2022\/03\/414537_301764223193846_1340614017_o-1024x768.jpg\" alt=\"\" class=\"wp-image-340\" srcset=\"https:\/\/entreprise-moresk.fr\/wp-content\/uploads\/2022\/03\/414537_301764223193846_1340614017_o-1024x768.jpg 1024w, https:\/\/entreprise-moresk.fr\/wp-content\/uploads\/2022\/03\/414537_301764223193846_1340614017_o-300x225.jpg 300w, https:\/\/entreprise-moresk.fr\/wp-content\/uploads\/2022\/03\/414537_301764223193846_1340614017_o-768x576.jpg 768w, https:\/\/entreprise-moresk.fr\/wp-content\/uploads\/2022\/03\/414537_301764223193846_1340614017_o-1536x1152.jpg 1536w, https:\/\/entreprise-moresk.fr\/wp-content\/uploads\/2022\/03\/414537_301764223193846_1340614017_o-1140x855.jpg 1140w, https:\/\/entreprise-moresk.fr\/wp-content\/uploads\/2022\/03\/414537_301764223193846_1340614017_o.jpg 2048w\" sizes=\"(max-width: 1024px) 100vw, 1024px\" \/><\/figure>\n\n\n\n<figure class=\"wp-block-image size-large\"><img loading=\"lazy\" decoding=\"async\" width=\"720\" height=\"960\" data-id=\"333\" src=\"http:\/\/entreprise-moresk.fr\/wp-content\/uploads\/2022\/03\/602038_549736825063250_903811733_n.jpg\" alt=\"\" class=\"wp-image-333\" srcset=\"https:\/\/entreprise-moresk.fr\/wp-content\/uploads\/2022\/03\/602038_549736825063250_903811733_n.jpg 720w, https:\/\/entreprise-moresk.fr\/wp-content\/uploads\/2022\/03\/602038_549736825063250_903811733_n-225x300.jpg 225w\" sizes=\"(max-width: 720px) 100vw, 720px\" \/><\/figure>\n\n\n\n<figure class=\"wp-block-image size-large\"><img loading=\"lazy\" decoding=\"async\" width=\"960\" height=\"720\" data-id=\"331\" src=\"http:\/\/entreprise-moresk.fr\/wp-content\/uploads\/2022\/03\/1489073_728021990568065_2350667194348376937_n.jpg\" alt=\"\" class=\"wp-image-331\" srcset=\"https:\/\/entreprise-moresk.fr\/wp-content\/uploads\/2022\/03\/1489073_728021990568065_2350667194348376937_n.jpg 960w, https:\/\/entreprise-moresk.fr\/wp-content\/uploads\/2022\/03\/1489073_728021990568065_2350667194348376937_n-300x225.jpg 300w, https:\/\/entreprise-moresk.fr\/wp-content\/uploads\/2022\/03\/1489073_728021990568065_2350667194348376937_n-768x576.jpg 768w\" sizes=\"(max-width: 960px) 100vw, 960px\" \/><\/figure>\n\n\n\n<figure class=\"wp-block-image size-large\"><img loading=\"lazy\" decoding=\"async\" width=\"960\" height=\"720\" data-id=\"334\" src=\"http:\/\/entreprise-moresk.fr\/wp-content\/uploads\/2022\/03\/10245278_658785164158415_9043351789522539183_n.jpg\" alt=\"\" class=\"wp-image-334\" srcset=\"https:\/\/entreprise-moresk.fr\/wp-content\/uploads\/2022\/03\/10245278_658785164158415_9043351789522539183_n.jpg 960w, https:\/\/entreprise-moresk.fr\/wp-content\/uploads\/2022\/03\/10245278_658785164158415_9043351789522539183_n-300x225.jpg 300w, https:\/\/entreprise-moresk.fr\/wp-content\/uploads\/2022\/03\/10245278_658785164158415_9043351789522539183_n-768x576.jpg 768w\" sizes=\"(max-width: 960px) 100vw, 960px\" \/><\/figure>\n\n\n\n<figure class=\"wp-block-image size-large\"><img loading=\"lazy\" decoding=\"async\" width=\"960\" height=\"720\" data-id=\"329\" src=\"http:\/\/entreprise-moresk.fr\/wp-content\/uploads\/2022\/03\/10299527_670861169617481_7157481032257303498_n.jpg\" alt=\"\" class=\"wp-image-329\" srcset=\"https:\/\/entreprise-moresk.fr\/wp-content\/uploads\/2022\/03\/10299527_670861169617481_7157481032257303498_n.jpg 960w, https:\/\/entreprise-moresk.fr\/wp-content\/uploads\/2022\/03\/10299527_670861169617481_7157481032257303498_n-300x225.jpg 300w, https:\/\/entreprise-moresk.fr\/wp-content\/uploads\/2022\/03\/10299527_670861169617481_7157481032257303498_n-768x576.jpg 768w\" sizes=\"(max-width: 960px) 100vw, 960px\" \/><\/figure>\n\n\n\n<figure class=\"wp-block-image size-large\"><img loading=\"lazy\" decoding=\"async\" width=\"960\" height=\"960\" data-id=\"332\" src=\"http:\/\/entreprise-moresk.fr\/wp-content\/uploads\/2022\/03\/10311791_662823427087922_9086975761479199465_n.jpg\" alt=\"\" class=\"wp-image-332\" srcset=\"https:\/\/entreprise-moresk.fr\/wp-content\/uploads\/2022\/03\/10311791_662823427087922_9086975761479199465_n.jpg 960w, https:\/\/entreprise-moresk.fr\/wp-content\/uploads\/2022\/03\/10311791_662823427087922_9086975761479199465_n-300x300.jpg 300w, https:\/\/entreprise-moresk.fr\/wp-content\/uploads\/2022\/03\/10311791_662823427087922_9086975761479199465_n-150x150.jpg 150w, https:\/\/entreprise-moresk.fr\/wp-content\/uploads\/2022\/03\/10311791_662823427087922_9086975761479199465_n-768x768.jpg 768w, https:\/\/entreprise-moresk.fr\/wp-content\/uploads\/2022\/03\/10311791_662823427087922_9086975761479199465_n-75x75.jpg 75w\" sizes=\"(max-width: 960px) 100vw, 960px\" \/><\/figure>\n\n\n\n<figure class=\"wp-block-image size-large\"><img loading=\"lazy\" decoding=\"async\" width=\"960\" height=\"720\" data-id=\"335\" src=\"http:\/\/entreprise-moresk.fr\/wp-content\/uploads\/2022\/03\/10353090_740204106016520_2612309100904852794_n.jpg\" alt=\"\" class=\"wp-image-335\" srcset=\"https:\/\/entreprise-moresk.fr\/wp-content\/uploads\/2022\/03\/10353090_740204106016520_2612309100904852794_n.jpg 960w, https:\/\/entreprise-moresk.fr\/wp-content\/uploads\/2022\/03\/10353090_740204106016520_2612309100904852794_n-300x225.jpg 300w, https:\/\/entreprise-moresk.fr\/wp-content\/uploads\/2022\/03\/10353090_740204106016520_2612309100904852794_n-768x576.jpg 768w\" sizes=\"(max-width: 960px) 100vw, 960px\" \/><\/figure>\n\n\n\n<figure class=\"wp-block-image size-large\"><img loading=\"lazy\" decoding=\"async\" width=\"960\" height=\"720\" data-id=\"338\" src=\"http:\/\/entreprise-moresk.fr\/wp-content\/uploads\/2022\/03\/10408043_665416890161909_8417352482234073847_n.jpg\" alt=\"\" class=\"wp-image-338\" srcset=\"https:\/\/entreprise-moresk.fr\/wp-content\/uploads\/2022\/03\/10408043_665416890161909_8417352482234073847_n.jpg 960w, https:\/\/entreprise-moresk.fr\/wp-content\/uploads\/2022\/03\/10408043_665416890161909_8417352482234073847_n-300x225.jpg 300w, https:\/\/entreprise-moresk.fr\/wp-content\/uploads\/2022\/03\/10408043_665416890161909_8417352482234073847_n-768x576.jpg 768w\" sizes=\"(max-width: 960px) 100vw, 960px\" \/><\/figure>\n\n\n\n<figure class=\"wp-block-image size-large\"><img loading=\"lazy\" decoding=\"async\" width=\"960\" height=\"720\" data-id=\"337\" src=\"http:\/\/entreprise-moresk.fr\/wp-content\/uploads\/2022\/03\/10641255_718226624880935_4103261670152949893_n.jpg\" alt=\"\" class=\"wp-image-337\" srcset=\"https:\/\/entreprise-moresk.fr\/wp-content\/uploads\/2022\/03\/10641255_718226624880935_4103261670152949893_n.jpg 960w, https:\/\/entreprise-moresk.fr\/wp-content\/uploads\/2022\/03\/10641255_718226624880935_4103261670152949893_n-300x225.jpg 300w, https:\/\/entreprise-moresk.fr\/wp-content\/uploads\/2022\/03\/10641255_718226624880935_4103261670152949893_n-768x576.jpg 768w\" sizes=\"(max-width: 960px) 100vw, 960px\" \/><\/figure>\n\n\n\n<figure class=\"wp-block-image size-large\"><img loading=\"lazy\" decoding=\"async\" width=\"768\" height=\"1024\" data-id=\"342\" src=\"http:\/\/entreprise-moresk.fr\/wp-content\/uploads\/2022\/03\/14434808_993893740721247_7842022520135453928_o-768x1024.jpg\" alt=\"\" class=\"wp-image-342\" srcset=\"https:\/\/entreprise-moresk.fr\/wp-content\/uploads\/2022\/03\/14434808_993893740721247_7842022520135453928_o-768x1024.jpg 768w, https:\/\/entreprise-moresk.fr\/wp-content\/uploads\/2022\/03\/14434808_993893740721247_7842022520135453928_o-225x300.jpg 225w, https:\/\/entreprise-moresk.fr\/wp-content\/uploads\/2022\/03\/14434808_993893740721247_7842022520135453928_o.jpg 960w\" sizes=\"(max-width: 768px) 100vw, 768px\" \/><\/figure>\n\n\n\n<figure class=\"wp-block-image size-large\"><img loading=\"lazy\" decoding=\"async\" width=\"1024\" height=\"575\" data-id=\"341\" src=\"http:\/\/entreprise-moresk.fr\/wp-content\/uploads\/2022\/03\/14524480_993945810716040_5425676227220460487_o-1024x575.jpg\" alt=\"\" class=\"wp-image-341\" srcset=\"https:\/\/entreprise-moresk.fr\/wp-content\/uploads\/2022\/03\/14524480_993945810716040_5425676227220460487_o-1024x575.jpg 1024w, https:\/\/entreprise-moresk.fr\/wp-content\/uploads\/2022\/03\/14524480_993945810716040_5425676227220460487_o-300x168.jpg 300w, https:\/\/entreprise-moresk.fr\/wp-content\/uploads\/2022\/03\/14524480_993945810716040_5425676227220460487_o-768x431.jpg 768w, https:\/\/entreprise-moresk.fr\/wp-content\/uploads\/2022\/03\/14524480_993945810716040_5425676227220460487_o.jpg 1140w\" sizes=\"(max-width: 1024px) 100vw, 1024px\" \/><\/figure>\n\n\n\n<figure class=\"wp-block-image size-large\"><img loading=\"lazy\" decoding=\"async\" width=\"960\" height=\"540\" data-id=\"336\" src=\"http:\/\/entreprise-moresk.fr\/wp-content\/uploads\/2022\/03\/15178994_1054464161330871_4798379021147631096_n.jpg\" alt=\"\" class=\"wp-image-336\" srcset=\"https:\/\/entreprise-moresk.fr\/wp-content\/uploads\/2022\/03\/15178994_1054464161330871_4798379021147631096_n.jpg 960w, https:\/\/entreprise-moresk.fr\/wp-content\/uploads\/2022\/03\/15178994_1054464161330871_4798379021147631096_n-300x169.jpg 300w, https:\/\/entreprise-moresk.fr\/wp-content\/uploads\/2022\/03\/15178994_1054464161330871_4798379021147631096_n-768x432.jpg 768w\" sizes=\"(max-width: 960px) 100vw, 960px\" \/><\/figure>\n\n\n\n<figure class=\"wp-block-image size-large\"><img loading=\"lazy\" decoding=\"async\" width=\"960\" height=\"540\" data-id=\"339\" src=\"http:\/\/entreprise-moresk.fr\/wp-content\/uploads\/2022\/03\/15242034_1048424638601490_6897159552543294788_n.jpg\" alt=\"\" class=\"wp-image-339\" srcset=\"https:\/\/entreprise-moresk.fr\/wp-content\/uploads\/2022\/03\/15242034_1048424638601490_6897159552543294788_n.jpg 960w, https:\/\/entreprise-moresk.fr\/wp-content\/uploads\/2022\/03\/15242034_1048424638601490_6897159552543294788_n-300x169.jpg 300w, https:\/\/entreprise-moresk.fr\/wp-content\/uploads\/2022\/03\/15242034_1048424638601490_6897159552543294788_n-768x432.jpg 768w\" sizes=\"(max-width: 960px) 100vw, 960px\" \/><\/figure>\n\n\n\n<figure class=\"wp-block-image size-large\"><img loading=\"lazy\" decoding=\"async\" width=\"1024\" height=\"576\" data-id=\"348\" src=\"http:\/\/entreprise-moresk.fr\/wp-content\/uploads\/2022\/03\/15540852_1070649553045665_2565396093742986647_o-1024x576.jpg\" alt=\"\" class=\"wp-image-348\" srcset=\"https:\/\/entreprise-moresk.fr\/wp-content\/uploads\/2022\/03\/15540852_1070649553045665_2565396093742986647_o-1024x576.jpg 1024w, https:\/\/entreprise-moresk.fr\/wp-content\/uploads\/2022\/03\/15540852_1070649553045665_2565396093742986647_o-300x169.jpg 300w, https:\/\/entreprise-moresk.fr\/wp-content\/uploads\/2022\/03\/15540852_1070649553045665_2565396093742986647_o-768x432.jpg 768w, https:\/\/entreprise-moresk.fr\/wp-content\/uploads\/2022\/03\/15540852_1070649553045665_2565396093742986647_o-1536x864.jpg 1536w, https:\/\/entreprise-moresk.fr\/wp-content\/uploads\/2022\/03\/15540852_1070649553045665_2565396093742986647_o-1140x641.jpg 1140w, https:\/\/entreprise-moresk.fr\/wp-content\/uploads\/2022\/03\/15540852_1070649553045665_2565396093742986647_o.jpg 2048w\" sizes=\"(max-width: 1024px) 100vw, 1024px\" \/><\/figure>\n\n\n\n<figure class=\"wp-block-image size-large\"><img loading=\"lazy\" decoding=\"async\" width=\"354\" height=\"474\" data-id=\"344\" src=\"http:\/\/entreprise-moresk.fr\/wp-content\/uploads\/2022\/03\/dd-1.jpg\" alt=\"\" class=\"wp-image-344\" srcset=\"https:\/\/entreprise-moresk.fr\/wp-content\/uploads\/2022\/03\/dd-1.jpg 354w, https:\/\/entreprise-moresk.fr\/wp-content\/uploads\/2022\/03\/dd-1-224x300.jpg 224w\" sizes=\"(max-width: 354px) 100vw, 354px\" \/><\/figure>\n\n\n\n<figure class=\"wp-block-image size-large\"><img loading=\"lazy\" decoding=\"async\" width=\"576\" height=\"430\" data-id=\"343\" src=\"http:\/\/entreprise-moresk.fr\/wp-content\/uploads\/2022\/03\/dddddd.jpg\" alt=\"\" class=\"wp-image-343\" srcset=\"https:\/\/entreprise-moresk.fr\/wp-content\/uploads\/2022\/03\/dddddd.jpg 576w, https:\/\/entreprise-moresk.fr\/wp-content\/uploads\/2022\/03\/dddddd-300x224.jpg 300w\" sizes=\"(max-width: 576px) 100vw, 576px\" \/><\/figure>\n\n\n\n<figure class=\"wp-block-image size-large\"><img loading=\"lazy\" decoding=\"async\" width=\"519\" height=\"416\" data-id=\"347\" src=\"http:\/\/entreprise-moresk.fr\/wp-content\/uploads\/2022\/03\/hh.jpg\" alt=\"\" class=\"wp-image-347\" srcset=\"https:\/\/entreprise-moresk.fr\/wp-content\/uploads\/2022\/03\/hh.jpg 519w, https:\/\/entreprise-moresk.fr\/wp-content\/uploads\/2022\/03\/hh-300x240.jpg 300w\" sizes=\"(max-width: 519px) 100vw, 519px\" \/><\/figure>\n\n\n\n<figure class=\"wp-block-image size-large\"><img loading=\"lazy\" decoding=\"async\" width=\"605\" height=\"297\" data-id=\"346\" src=\"http:\/\/entreprise-moresk.fr\/wp-content\/uploads\/2022\/03\/qfsx.jpg\" alt=\"\" class=\"wp-image-346\" srcset=\"https:\/\/entreprise-moresk.fr\/wp-content\/uploads\/2022\/03\/qfsx.jpg 605w, https:\/\/entreprise-moresk.fr\/wp-content\/uploads\/2022\/03\/qfsx-300x147.jpg 300w\" sizes=\"(max-width: 605px) 100vw, 605px\" \/><\/figure>\n\n\n\n<figure class=\"wp-block-image size-large\"><img loading=\"lazy\" decoding=\"async\" width=\"338\" height=\"452\" data-id=\"345\" src=\"http:\/\/entreprise-moresk.fr\/wp-content\/uploads\/2022\/03\/Sans-titre-1.jpg\" alt=\"\" class=\"wp-image-345\" srcset=\"https:\/\/entreprise-moresk.fr\/wp-content\/uploads\/2022\/03\/Sans-titre-1.jpg 338w, https:\/\/entreprise-moresk.fr\/wp-content\/uploads\/2022\/03\/Sans-titre-1-224x300.jpg 224w\" sizes=\"(max-width: 338px) 100vw, 338px\" \/><\/figure>\n\n\n\n<figure class=\"wp-block-image size-large\"><img loading=\"lazy\" decoding=\"async\" width=\"1024\" height=\"872\" data-id=\"349\" src=\"http:\/\/entreprise-moresk.fr\/wp-content\/uploads\/2022\/03\/thjntrgn-1024x872.jpg\" alt=\"\" class=\"wp-image-349\" srcset=\"https:\/\/entreprise-moresk.fr\/wp-content\/uploads\/2022\/03\/thjntrgn-1024x872.jpg 1024w, https:\/\/entreprise-moresk.fr\/wp-content\/uploads\/2022\/03\/thjntrgn-300x255.jpg 300w, https:\/\/entreprise-moresk.fr\/wp-content\/uploads\/2022\/03\/thjntrgn-768x654.jpg 768w, https:\/\/entreprise-moresk.fr\/wp-content\/uploads\/2022\/03\/thjntrgn-1536x1307.jpg 1536w, https:\/\/entreprise-moresk.fr\/wp-content\/uploads\/2022\/03\/thjntrgn-2048x1743.jpg 2048w, https:\/\/entreprise-moresk.fr\/wp-content\/uploads\/2022\/03\/thjntrgn-1140x970.jpg 1140w\" sizes=\"(max-width: 1024px) 100vw, 1024px\" \/><\/figure>\n<\/figure>\n","protected":false},"excerpt":{"rendered":"<p>M\u00eame si nous pr\u00e9f\u00e9rons la restauration, nous sommes \u00e9galement \u00e0 m\u00eame de r\u00e9aliser des travaux neufs. Nos salari\u00e9s sont \u00e9galement form\u00e9s aux travaux de gros-oeuvre, d&rsquo;isolation et doublage, de cloison et faux-plafond, de pl\u00e2trerie, la pose de menuiserie, terrassement, assainissement &#8230;<\/p>\n","protected":false},"author":1,"featured_media":0,"parent":0,"menu_order":0,"comment_status":"closed","ping_status":"closed","template":"","meta":{"footnotes":""},"_links":{"self":[{"href":"https:\/\/entreprise-moresk.fr\/index.php\/wp-json\/wp\/v2\/pages\/79"}],"collection":[{"href":"https:\/\/entreprise-moresk.fr\/index.php\/wp-json\/wp\/v2\/pages"}],"about":[{"href":"https:\/\/entreprise-moresk.fr\/index.php\/wp-json\/wp\/v2\/types\/page"}],"author":[{"embeddable":true,"href":"https:\/\/entreprise-moresk.fr\/index.php\/wp-json\/wp\/v2\/users\/1"}],"replies":[{"embeddable":true,"href":"https:\/\/entreprise-moresk.fr\/index.php\/wp-json\/wp\/v2\/comments?post=79"}],"version-history":[{"count":2,"href":"https:\/\/entreprise-moresk.fr\/index.php\/wp-json\/wp\/v2\/pages\/79\/revisions"}],"predecessor-version":[{"id":350,"href":"https:\/\/entreprise-moresk.fr\/index.php\/wp-json\/wp\/v2\/pages\/79\/revisions\/350"}],"wp:attachment":[{"href":"https:\/\/entreprise-moresk.fr\/index.php\/wp-json\/wp\/v2\/media?parent=79"}],"curies":[{"name":"wp","href":"https:\/\/api.w.org\/{rel}","templated":true}]}}