{"id":81,"date":"2022-02-02T16:41:00","date_gmt":"2022-02-02T15:41:00","guid":{"rendered":"http:\/\/entreprise-moresk.fr\/?page_id=81"},"modified":"2022-03-31T17:42:52","modified_gmt":"2022-03-31T15:42:52","slug":"monuments-historiques","status":"publish","type":"page","link":"https:\/\/entreprise-moresk.fr\/index.php\/monuments-historiques\/","title":{"rendered":"Monuments historiques"},"content":{"rendered":"\n<p>Depuis 20004, l\u2019entreprise MORESK, est <strong>sp\u00e9cialis\u00e9e dans la Restauration des Monuments Historiques<\/strong>.<\/p>\n\n\n\n<p>Au fil des ans, elle a su s\u2019entourer de compagnons qualifi\u00e9s et ainsi diversifier son savoir-faire. Elle \u0153uvre notamment dans la transmission de celui-ci en favorisant la formation aupr\u00e8s des jeunes (CAP, BEP, COMPAGNONS &#8230;)<\/p>\n\n\n\n<figure class=\"wp-block-gallery has-nested-images columns-default is-cropped wp-block-gallery-1 is-layout-flex wp-block-gallery-is-layout-flex\">\n<figure class=\"wp-block-image size-large\"><img loading=\"lazy\" decoding=\"async\" width=\"960\" height=\"720\" data-id=\"352\" src=\"http:\/\/entreprise-moresk.fr\/wp-content\/uploads\/2022\/03\/579029_552289284808004_535002975_n.jpg\" alt=\"\" class=\"wp-image-352\" srcset=\"https:\/\/entreprise-moresk.fr\/wp-content\/uploads\/2022\/03\/579029_552289284808004_535002975_n.jpg 960w, https:\/\/entreprise-moresk.fr\/wp-content\/uploads\/2022\/03\/579029_552289284808004_535002975_n-300x225.jpg 300w, https:\/\/entreprise-moresk.fr\/wp-content\/uploads\/2022\/03\/579029_552289284808004_535002975_n-768x576.jpg 768w\" sizes=\"(max-width: 960px) 100vw, 960px\" \/><\/figure>\n\n\n\n<figure class=\"wp-block-image size-large\"><img loading=\"lazy\" decoding=\"async\" width=\"960\" height=\"720\" data-id=\"353\" src=\"http:\/\/entreprise-moresk.fr\/wp-content\/uploads\/2022\/03\/1609914_665415010162097_5624947177100189612_n.jpg\" alt=\"\" class=\"wp-image-353\" srcset=\"https:\/\/entreprise-moresk.fr\/wp-content\/uploads\/2022\/03\/1609914_665415010162097_5624947177100189612_n.jpg 960w, https:\/\/entreprise-moresk.fr\/wp-content\/uploads\/2022\/03\/1609914_665415010162097_5624947177100189612_n-300x225.jpg 300w, https:\/\/entreprise-moresk.fr\/wp-content\/uploads\/2022\/03\/1609914_665415010162097_5624947177100189612_n-768x576.jpg 768w\" sizes=\"(max-width: 960px) 100vw, 960px\" \/><\/figure>\n\n\n\n<figure class=\"wp-block-image size-large\"><img loading=\"lazy\" decoding=\"async\" width=\"540\" height=\"960\" data-id=\"359\" src=\"http:\/\/entreprise-moresk.fr\/wp-content\/uploads\/2022\/03\/10153212_649396731763925_6382591367466050087_n.jpg\" alt=\"\" class=\"wp-image-359\" srcset=\"https:\/\/entreprise-moresk.fr\/wp-content\/uploads\/2022\/03\/10153212_649396731763925_6382591367466050087_n.jpg 540w, https:\/\/entreprise-moresk.fr\/wp-content\/uploads\/2022\/03\/10153212_649396731763925_6382591367466050087_n-169x300.jpg 169w\" sizes=\"(max-width: 540px) 100vw, 540px\" \/><\/figure>\n\n\n\n<figure class=\"wp-block-image size-large\"><img loading=\"lazy\" decoding=\"async\" width=\"720\" height=\"960\" data-id=\"363\" src=\"http:\/\/entreprise-moresk.fr\/wp-content\/uploads\/2022\/03\/10434170_670084943028437_3955463186177184202_n.jpg\" alt=\"\" class=\"wp-image-363\" srcset=\"https:\/\/entreprise-moresk.fr\/wp-content\/uploads\/2022\/03\/10434170_670084943028437_3955463186177184202_n.jpg 720w, https:\/\/entreprise-moresk.fr\/wp-content\/uploads\/2022\/03\/10434170_670084943028437_3955463186177184202_n-225x300.jpg 225w\" sizes=\"(max-width: 720px) 100vw, 720px\" \/><\/figure>\n\n\n\n<figure class=\"wp-block-image size-large\"><img loading=\"lazy\" decoding=\"async\" width=\"960\" height=\"540\" data-id=\"362\" src=\"http:\/\/entreprise-moresk.fr\/wp-content\/uploads\/2022\/03\/14102350_1047317661971828_6881857791604081527_n.jpg\" alt=\"\" class=\"wp-image-362\" srcset=\"https:\/\/entreprise-moresk.fr\/wp-content\/uploads\/2022\/03\/14102350_1047317661971828_6881857791604081527_n.jpg 960w, https:\/\/entreprise-moresk.fr\/wp-content\/uploads\/2022\/03\/14102350_1047317661971828_6881857791604081527_n-300x169.jpg 300w, https:\/\/entreprise-moresk.fr\/wp-content\/uploads\/2022\/03\/14102350_1047317661971828_6881857791604081527_n-768x432.jpg 768w\" sizes=\"(max-width: 960px) 100vw, 960px\" \/><\/figure>\n\n\n\n<figure class=\"wp-block-image size-large\"><img loading=\"lazy\" decoding=\"async\" width=\"960\" height=\"720\" data-id=\"354\" src=\"http:\/\/entreprise-moresk.fr\/wp-content\/uploads\/2022\/03\/14355004_1066149986755262_5930871464825106975_n.jpg\" alt=\"\" class=\"wp-image-354\" srcset=\"https:\/\/entreprise-moresk.fr\/wp-content\/uploads\/2022\/03\/14355004_1066149986755262_5930871464825106975_n.jpg 960w, https:\/\/entreprise-moresk.fr\/wp-content\/uploads\/2022\/03\/14355004_1066149986755262_5930871464825106975_n-300x225.jpg 300w, https:\/\/entreprise-moresk.fr\/wp-content\/uploads\/2022\/03\/14355004_1066149986755262_5930871464825106975_n-768x576.jpg 768w\" sizes=\"(max-width: 960px) 100vw, 960px\" \/><\/figure>\n\n\n\n<figure class=\"wp-block-image size-large\"><img loading=\"lazy\" decoding=\"async\" width=\"799\" height=\"600\" data-id=\"355\" src=\"http:\/\/entreprise-moresk.fr\/wp-content\/uploads\/2022\/03\/14440657_993934804050474_4574681832220323697_n.jpg\" alt=\"\" class=\"wp-image-355\" srcset=\"https:\/\/entreprise-moresk.fr\/wp-content\/uploads\/2022\/03\/14440657_993934804050474_4574681832220323697_n.jpg 799w, https:\/\/entreprise-moresk.fr\/wp-content\/uploads\/2022\/03\/14440657_993934804050474_4574681832220323697_n-300x225.jpg 300w, https:\/\/entreprise-moresk.fr\/wp-content\/uploads\/2022\/03\/14440657_993934804050474_4574681832220323697_n-768x577.jpg 768w\" sizes=\"(max-width: 799px) 100vw, 799px\" \/><\/figure>\n\n\n\n<figure class=\"wp-block-image size-large\"><img loading=\"lazy\" decoding=\"async\" width=\"1020\" height=\"678\" data-id=\"358\" src=\"http:\/\/entreprise-moresk.fr\/wp-content\/uploads\/2022\/03\/14445195_994010714042883_9018033074185495977_o.jpg\" alt=\"\" class=\"wp-image-358\" srcset=\"https:\/\/entreprise-moresk.fr\/wp-content\/uploads\/2022\/03\/14445195_994010714042883_9018033074185495977_o.jpg 1020w, https:\/\/entreprise-moresk.fr\/wp-content\/uploads\/2022\/03\/14445195_994010714042883_9018033074185495977_o-300x199.jpg 300w, https:\/\/entreprise-moresk.fr\/wp-content\/uploads\/2022\/03\/14445195_994010714042883_9018033074185495977_o-768x510.jpg 768w\" sizes=\"(max-width: 1020px) 100vw, 1020px\" \/><\/figure>\n\n\n\n<figure class=\"wp-block-image size-large\"><img loading=\"lazy\" decoding=\"async\" width=\"960\" height=\"882\" data-id=\"357\" src=\"http:\/\/entreprise-moresk.fr\/wp-content\/uploads\/2022\/03\/14470564_994008610709760_1848272139670484700_n.jpg\" alt=\"\" class=\"wp-image-357\" srcset=\"https:\/\/entreprise-moresk.fr\/wp-content\/uploads\/2022\/03\/14470564_994008610709760_1848272139670484700_n.jpg 960w, https:\/\/entreprise-moresk.fr\/wp-content\/uploads\/2022\/03\/14470564_994008610709760_1848272139670484700_n-300x276.jpg 300w, https:\/\/entreprise-moresk.fr\/wp-content\/uploads\/2022\/03\/14470564_994008610709760_1848272139670484700_n-768x706.jpg 768w\" sizes=\"(max-width: 960px) 100vw, 960px\" \/><\/figure>\n\n\n\n<figure class=\"wp-block-image size-large\"><img loading=\"lazy\" decoding=\"async\" width=\"1024\" height=\"576\" data-id=\"356\" src=\"http:\/\/entreprise-moresk.fr\/wp-content\/uploads\/2022\/03\/15157017_1120903957946531_8301796774224128830_o-1024x576.jpg\" alt=\"\" class=\"wp-image-356\" srcset=\"https:\/\/entreprise-moresk.fr\/wp-content\/uploads\/2022\/03\/15157017_1120903957946531_8301796774224128830_o-1024x576.jpg 1024w, https:\/\/entreprise-moresk.fr\/wp-content\/uploads\/2022\/03\/15157017_1120903957946531_8301796774224128830_o-300x169.jpg 300w, https:\/\/entreprise-moresk.fr\/wp-content\/uploads\/2022\/03\/15157017_1120903957946531_8301796774224128830_o-768x432.jpg 768w, https:\/\/entreprise-moresk.fr\/wp-content\/uploads\/2022\/03\/15157017_1120903957946531_8301796774224128830_o.jpg 1032w\" sizes=\"(max-width: 1024px) 100vw, 1024px\" \/><\/figure>\n\n\n\n<figure class=\"wp-block-image size-large\"><img loading=\"lazy\" decoding=\"async\" width=\"528\" height=\"960\" data-id=\"361\" src=\"http:\/\/entreprise-moresk.fr\/wp-content\/uploads\/2022\/03\/15326530_1056507834459837_4165106951686882026_n.jpg\" alt=\"\" class=\"wp-image-361\" srcset=\"https:\/\/entreprise-moresk.fr\/wp-content\/uploads\/2022\/03\/15326530_1056507834459837_4165106951686882026_n.jpg 528w, https:\/\/entreprise-moresk.fr\/wp-content\/uploads\/2022\/03\/15326530_1056507834459837_4165106951686882026_n-165x300.jpg 165w\" sizes=\"(max-width: 528px) 100vw, 528px\" \/><\/figure>\n\n\n\n<figure class=\"wp-block-image size-large\"><img loading=\"lazy\" decoding=\"async\" width=\"528\" height=\"960\" data-id=\"364\" src=\"http:\/\/entreprise-moresk.fr\/wp-content\/uploads\/2022\/03\/15665804_1073842512726369_8391663208413521576_n.jpg\" alt=\"\" class=\"wp-image-364\" srcset=\"https:\/\/entreprise-moresk.fr\/wp-content\/uploads\/2022\/03\/15665804_1073842512726369_8391663208413521576_n.jpg 528w, https:\/\/entreprise-moresk.fr\/wp-content\/uploads\/2022\/03\/15665804_1073842512726369_8391663208413521576_n-165x300.jpg 165w\" sizes=\"(max-width: 528px) 100vw, 528px\" \/><\/figure>\n\n\n\n<figure class=\"wp-block-image size-large\"><img loading=\"lazy\" decoding=\"async\" width=\"340\" height=\"255\" data-id=\"360\" src=\"http:\/\/entreprise-moresk.fr\/wp-content\/uploads\/2022\/03\/16003055_1091151957662091_8188438633469346886_n.jpg\" alt=\"\" class=\"wp-image-360\" srcset=\"https:\/\/entreprise-moresk.fr\/wp-content\/uploads\/2022\/03\/16003055_1091151957662091_8188438633469346886_n.jpg 340w, https:\/\/entreprise-moresk.fr\/wp-content\/uploads\/2022\/03\/16003055_1091151957662091_8188438633469346886_n-300x225.jpg 300w\" sizes=\"(max-width: 340px) 100vw, 340px\" \/><\/figure>\n\n\n\n<figure class=\"wp-block-image size-large\"><img loading=\"lazy\" decoding=\"async\" width=\"1024\" height=\"576\" data-id=\"365\" src=\"http:\/\/entreprise-moresk.fr\/wp-content\/uploads\/2022\/03\/17358803_1145248712252415_6420839763796957887_o.jpg\" alt=\"\" class=\"wp-image-365\" srcset=\"https:\/\/entreprise-moresk.fr\/wp-content\/uploads\/2022\/03\/17358803_1145248712252415_6420839763796957887_o.jpg 1024w, https:\/\/entreprise-moresk.fr\/wp-content\/uploads\/2022\/03\/17358803_1145248712252415_6420839763796957887_o-300x169.jpg 300w, https:\/\/entreprise-moresk.fr\/wp-content\/uploads\/2022\/03\/17358803_1145248712252415_6420839763796957887_o-768x432.jpg 768w\" sizes=\"(max-width: 1024px) 100vw, 1024px\" \/><\/figure>\n\n\n\n<figure class=\"wp-block-image size-large\"><img loading=\"lazy\" decoding=\"async\" width=\"540\" height=\"960\" data-id=\"366\" src=\"http:\/\/entreprise-moresk.fr\/wp-content\/uploads\/2022\/03\/21761587_1396300603740197_4716179601647421119_n.jpg\" alt=\"\" class=\"wp-image-366\" srcset=\"https:\/\/entreprise-moresk.fr\/wp-content\/uploads\/2022\/03\/21761587_1396300603740197_4716179601647421119_n.jpg 540w, https:\/\/entreprise-moresk.fr\/wp-content\/uploads\/2022\/03\/21761587_1396300603740197_4716179601647421119_n-169x300.jpg 169w\" sizes=\"(max-width: 540px) 100vw, 540px\" \/><\/figure>\n\n\n\n<figure class=\"wp-block-image size-large\"><img loading=\"lazy\" decoding=\"async\" width=\"764\" height=\"1024\" data-id=\"372\" src=\"http:\/\/entreprise-moresk.fr\/wp-content\/uploads\/2022\/03\/42044750_1797582406945346_153810831933440000_n-764x1024.jpg\" alt=\"\" class=\"wp-image-372\" srcset=\"https:\/\/entreprise-moresk.fr\/wp-content\/uploads\/2022\/03\/42044750_1797582406945346_153810831933440000_n-764x1024.jpg 764w, https:\/\/entreprise-moresk.fr\/wp-content\/uploads\/2022\/03\/42044750_1797582406945346_153810831933440000_n-224x300.jpg 224w, https:\/\/entreprise-moresk.fr\/wp-content\/uploads\/2022\/03\/42044750_1797582406945346_153810831933440000_n-768x1029.jpg 768w, https:\/\/entreprise-moresk.fr\/wp-content\/uploads\/2022\/03\/42044750_1797582406945346_153810831933440000_n-1146x1536.jpg 1146w, https:\/\/entreprise-moresk.fr\/wp-content\/uploads\/2022\/03\/42044750_1797582406945346_153810831933440000_n-1140x1528.jpg 1140w, https:\/\/entreprise-moresk.fr\/wp-content\/uploads\/2022\/03\/42044750_1797582406945346_153810831933440000_n.jpg 1504w\" sizes=\"(max-width: 764px) 100vw, 764px\" \/><\/figure>\n\n\n\n<figure class=\"wp-block-image size-large\"><img loading=\"lazy\" decoding=\"async\" width=\"576\" height=\"1024\" data-id=\"368\" src=\"http:\/\/entreprise-moresk.fr\/wp-content\/uploads\/2022\/03\/49393587_1940307319339520_5155695110238765056_n-576x1024.jpg\" alt=\"\" class=\"wp-image-368\" srcset=\"https:\/\/entreprise-moresk.fr\/wp-content\/uploads\/2022\/03\/49393587_1940307319339520_5155695110238765056_n-576x1024.jpg 576w, https:\/\/entreprise-moresk.fr\/wp-content\/uploads\/2022\/03\/49393587_1940307319339520_5155695110238765056_n-169x300.jpg 169w, https:\/\/entreprise-moresk.fr\/wp-content\/uploads\/2022\/03\/49393587_1940307319339520_5155695110238765056_n.jpg 720w\" sizes=\"(max-width: 576px) 100vw, 576px\" \/><\/figure>\n\n\n\n<figure class=\"wp-block-image size-large\"><img loading=\"lazy\" decoding=\"async\" width=\"762\" height=\"1024\" data-id=\"374\" src=\"http:\/\/entreprise-moresk.fr\/wp-content\/uploads\/2022\/03\/56954846_2078491748854409_5843710456870469632_n-762x1024.jpg\" alt=\"\" class=\"wp-image-374\" srcset=\"https:\/\/entreprise-moresk.fr\/wp-content\/uploads\/2022\/03\/56954846_2078491748854409_5843710456870469632_n-762x1024.jpg 762w, https:\/\/entreprise-moresk.fr\/wp-content\/uploads\/2022\/03\/56954846_2078491748854409_5843710456870469632_n-223x300.jpg 223w, https:\/\/entreprise-moresk.fr\/wp-content\/uploads\/2022\/03\/56954846_2078491748854409_5843710456870469632_n-768x1032.jpg 768w, https:\/\/entreprise-moresk.fr\/wp-content\/uploads\/2022\/03\/56954846_2078491748854409_5843710456870469632_n.jpg 1072w\" sizes=\"(max-width: 762px) 100vw, 762px\" \/><\/figure>\n\n\n\n<figure class=\"wp-block-image size-large\"><img loading=\"lazy\" decoding=\"async\" width=\"730\" height=\"547\" data-id=\"367\" src=\"http:\/\/entreprise-moresk.fr\/wp-content\/uploads\/2022\/03\/61049530_2148217071881876_7219362565946605568_n.jpg\" alt=\"\" class=\"wp-image-367\" srcset=\"https:\/\/entreprise-moresk.fr\/wp-content\/uploads\/2022\/03\/61049530_2148217071881876_7219362565946605568_n.jpg 730w, https:\/\/entreprise-moresk.fr\/wp-content\/uploads\/2022\/03\/61049530_2148217071881876_7219362565946605568_n-300x225.jpg 300w\" sizes=\"(max-width: 730px) 100vw, 730px\" \/><\/figure>\n\n\n\n<figure class=\"wp-block-image size-large\"><img loading=\"lazy\" decoding=\"async\" width=\"1024\" height=\"768\" data-id=\"373\" src=\"http:\/\/entreprise-moresk.fr\/wp-content\/uploads\/2022\/03\/61139679_2148169428553307_7381298814579113984_n-1024x768.jpg\" alt=\"\" class=\"wp-image-373\" srcset=\"https:\/\/entreprise-moresk.fr\/wp-content\/uploads\/2022\/03\/61139679_2148169428553307_7381298814579113984_n-1024x768.jpg 1024w, https:\/\/entreprise-moresk.fr\/wp-content\/uploads\/2022\/03\/61139679_2148169428553307_7381298814579113984_n-300x225.jpg 300w, https:\/\/entreprise-moresk.fr\/wp-content\/uploads\/2022\/03\/61139679_2148169428553307_7381298814579113984_n-768x576.jpg 768w, https:\/\/entreprise-moresk.fr\/wp-content\/uploads\/2022\/03\/61139679_2148169428553307_7381298814579113984_n-1536x1152.jpg 1536w, https:\/\/entreprise-moresk.fr\/wp-content\/uploads\/2022\/03\/61139679_2148169428553307_7381298814579113984_n-1140x855.jpg 1140w, https:\/\/entreprise-moresk.fr\/wp-content\/uploads\/2022\/03\/61139679_2148169428553307_7381298814579113984_n.jpg 2016w\" sizes=\"(max-width: 1024px) 100vw, 1024px\" \/><\/figure>\n\n\n\n<figure class=\"wp-block-image size-large\"><img loading=\"lazy\" decoding=\"async\" width=\"768\" height=\"1024\" data-id=\"370\" src=\"http:\/\/entreprise-moresk.fr\/wp-content\/uploads\/2022\/03\/89775136_2599586566818615_6764166276760731648_n-768x1024.jpg\" alt=\"\" class=\"wp-image-370\" srcset=\"https:\/\/entreprise-moresk.fr\/wp-content\/uploads\/2022\/03\/89775136_2599586566818615_6764166276760731648_n-768x1024.jpg 768w, https:\/\/entreprise-moresk.fr\/wp-content\/uploads\/2022\/03\/89775136_2599586566818615_6764166276760731648_n-225x300.jpg 225w, https:\/\/entreprise-moresk.fr\/wp-content\/uploads\/2022\/03\/89775136_2599586566818615_6764166276760731648_n.jpg 1000w\" sizes=\"(max-width: 768px) 100vw, 768px\" \/><\/figure>\n\n\n\n<figure class=\"wp-block-image size-large\"><img loading=\"lazy\" decoding=\"async\" width=\"762\" height=\"1024\" data-id=\"369\" src=\"http:\/\/entreprise-moresk.fr\/wp-content\/uploads\/2022\/03\/127524063_3304371009673497_1797185943346196762_n-762x1024.jpg\" alt=\"\" class=\"wp-image-369\" srcset=\"https:\/\/entreprise-moresk.fr\/wp-content\/uploads\/2022\/03\/127524063_3304371009673497_1797185943346196762_n-762x1024.jpg 762w, https:\/\/entreprise-moresk.fr\/wp-content\/uploads\/2022\/03\/127524063_3304371009673497_1797185943346196762_n-223x300.jpg 223w, https:\/\/entreprise-moresk.fr\/wp-content\/uploads\/2022\/03\/127524063_3304371009673497_1797185943346196762_n-768x1032.jpg 768w, https:\/\/entreprise-moresk.fr\/wp-content\/uploads\/2022\/03\/127524063_3304371009673497_1797185943346196762_n.jpg 1072w\" sizes=\"(max-width: 762px) 100vw, 762px\" \/><\/figure>\n\n\n\n<figure class=\"wp-block-image size-large\"><img loading=\"lazy\" decoding=\"async\" width=\"768\" height=\"1024\" data-id=\"375\" src=\"http:\/\/entreprise-moresk.fr\/wp-content\/uploads\/2022\/03\/236059813_4027231447387446_4582096075132855558_n-768x1024.jpg\" alt=\"\" class=\"wp-image-375\" srcset=\"https:\/\/entreprise-moresk.fr\/wp-content\/uploads\/2022\/03\/236059813_4027231447387446_4582096075132855558_n-768x1024.jpg 768w, https:\/\/entreprise-moresk.fr\/wp-content\/uploads\/2022\/03\/236059813_4027231447387446_4582096075132855558_n-225x300.jpg 225w, https:\/\/entreprise-moresk.fr\/wp-content\/uploads\/2022\/03\/236059813_4027231447387446_4582096075132855558_n-1152x1536.jpg 1152w, https:\/\/entreprise-moresk.fr\/wp-content\/uploads\/2022\/03\/236059813_4027231447387446_4582096075132855558_n-1140x1520.jpg 1140w, https:\/\/entreprise-moresk.fr\/wp-content\/uploads\/2022\/03\/236059813_4027231447387446_4582096075132855558_n.jpg 1374w\" sizes=\"(max-width: 768px) 100vw, 768px\" \/><\/figure>\n\n\n\n<figure class=\"wp-block-image size-large\"><img loading=\"lazy\" decoding=\"async\" width=\"768\" height=\"1024\" data-id=\"371\" src=\"http:\/\/entreprise-moresk.fr\/wp-content\/uploads\/2022\/03\/252851799_4286964431414145_4388681395841875807_n-768x1024.jpg\" alt=\"\" class=\"wp-image-371\" srcset=\"https:\/\/entreprise-moresk.fr\/wp-content\/uploads\/2022\/03\/252851799_4286964431414145_4388681395841875807_n-768x1024.jpg 768w, https:\/\/entreprise-moresk.fr\/wp-content\/uploads\/2022\/03\/252851799_4286964431414145_4388681395841875807_n-225x300.jpg 225w, https:\/\/entreprise-moresk.fr\/wp-content\/uploads\/2022\/03\/252851799_4286964431414145_4388681395841875807_n.jpg 971w\" sizes=\"(max-width: 768px) 100vw, 768px\" \/><\/figure>\n<\/figure>\n","protected":false},"excerpt":{"rendered":"<p>Depuis 20004, l\u2019entreprise MORESK, est sp\u00e9cialis\u00e9e dans la Restauration des Monuments Historiques. Au fil des ans, elle a su s\u2019entourer de compagnons qualifi\u00e9s et ainsi diversifier son savoir-faire. Elle \u0153uvre notamment dans la transmission de celui-ci en favorisant la formation aupr\u00e8s des jeunes (CAP, BEP, COMPAGNONS &#8230;)<\/p>\n","protected":false},"author":1,"featured_media":0,"parent":0,"menu_order":0,"comment_status":"closed","ping_status":"closed","template":"","meta":{"footnotes":""},"_links":{"self":[{"href":"https:\/\/entreprise-moresk.fr\/index.php\/wp-json\/wp\/v2\/pages\/81"}],"collection":[{"href":"https:\/\/entreprise-moresk.fr\/index.php\/wp-json\/wp\/v2\/pages"}],"about":[{"href":"https:\/\/entreprise-moresk.fr\/index.php\/wp-json\/wp\/v2\/types\/page"}],"author":[{"embeddable":true,"href":"https:\/\/entreprise-moresk.fr\/index.php\/wp-json\/wp\/v2\/users\/1"}],"replies":[{"embeddable":true,"href":"https:\/\/entreprise-moresk.fr\/index.php\/wp-json\/wp\/v2\/comments?post=81"}],"version-history":[{"count":2,"href":"https:\/\/entreprise-moresk.fr\/index.php\/wp-json\/wp\/v2\/pages\/81\/revisions"}],"predecessor-version":[{"id":376,"href":"https:\/\/entreprise-moresk.fr\/index.php\/wp-json\/wp\/v2\/pages\/81\/revisions\/376"}],"wp:attachment":[{"href":"https:\/\/entreprise-moresk.fr\/index.php\/wp-json\/wp\/v2\/media?parent=81"}],"curies":[{"name":"wp","href":"https:\/\/api.w.org\/{rel}","templated":true}]}}